{"id":148,"date":"2023-07-10T13:03:56","date_gmt":"2023-07-10T16:03:56","guid":{"rendered":"https:\/\/parobetec.faccat.br\/?page_id=148"},"modified":"2023-07-19T15:03:24","modified_gmt":"2023-07-19T18:03:24","slug":"elementor-148","status":"publish","type":"page","link":"https:\/\/parobetec.faccat.br\/","title":{"rendered":"Elementor #148"},"content":{"rendered":"\t\t<div data-elementor-type=\"wp-page\" data-elementor-id=\"148\" class=\"elementor elementor-148\">\n\t\t\t\t\t\t<section class=\"elementor-section elementor-top-section elementor-element elementor-element-b14dd2e elementor-section-boxed elementor-section-height-default elementor-section-height-default\" data-id=\"b14dd2e\" data-element_type=\"section\" data-e-type=\"section\" id=\"sobre\" data-settings=\"{&quot;background_background&quot;:&quot;classic&quot;}\">\n\t\t\t\t\t\t<div class=\"elementor-container elementor-column-gap-default\">\n\t\t\t\t\t<div class=\"elementor-column elementor-col-100 elementor-top-column elementor-element elementor-element-9c81786\" data-id=\"9c81786\" data-element_type=\"column\" data-e-type=\"column\">\n\t\t\t<div class=\"elementor-widget-wrap elementor-element-populated\">\n\t\t\t\t\t\t<div class=\"elementor-element elementor-element-4c57d6e elementor-widget elementor-widget-heading\" data-id=\"4c57d6e\" data-element_type=\"widget\" data-e-type=\"widget\" data-widget_type=\"heading.default\">\n\t\t\t\t<div class=\"elementor-widget-container\">\n\t\t\t\t\t<h2 class=\"elementor-heading-title elementor-size-default\">Sobre<\/h2>\t\t\t\t<\/div>\n\t\t\t\t<\/div>\n\t\t\t\t<div class=\"elementor-element elementor-element-d9dac7c elementor-widget elementor-widget-text-editor\" data-id=\"d9dac7c\" data-element_type=\"widget\" data-e-type=\"widget\" data-widget_type=\"text-editor.default\">\n\t\t\t\t<div class=\"elementor-widget-container\">\n\t\t\t\t\t\t\t\t\t<p>A Incubadora Tecnol\u00f3gica Parob\u00e9 Faccat \u00e9 uma parceria entre a Prefeitura Municipal de Parob\u00e9\/RS e a FACCAT \u2013 Faculdades Integradas de Taquara. O local serve para incentivar\u00a0 empreendedores a desenvolver ideias inovadoras.<\/p><p>A Faccat \u00e9 a respons\u00e1vel pela sele\u00e7\u00e3o dos projetos, mentoria e assessoria t\u00e9cnica, com objetivo de orientar e aconselhar os empres\u00e1rios e futuros empres\u00e1rios visando inspir\u00e1-los, desenvolv\u00ea-los e conect\u00e1-los, de modo a alavancar os seus empreendimentos.<\/p>\t\t\t\t\t\t\t\t<\/div>\n\t\t\t\t<\/div>\n\t\t\t\t\t<\/div>\n\t\t<\/div>\n\t\t\t\t\t<\/div>\n\t\t<\/section>\n\t\t\t\t<section class=\"elementor-section elementor-top-section elementor-element elementor-element-3bbd5fb elementor-section-boxed elementor-section-height-default elementor-section-height-default\" data-id=\"3bbd5fb\" data-element_type=\"section\" data-e-type=\"section\">\n\t\t\t\t\t\t<div class=\"elementor-container elementor-column-gap-default\">\n\t\t\t\t\t<div class=\"elementor-column elementor-col-100 elementor-top-column elementor-element elementor-element-1edddb2\" data-id=\"1edddb2\" data-element_type=\"column\" data-e-type=\"column\">\n\t\t\t<div class=\"elementor-widget-wrap elementor-element-populated\">\n\t\t\t\t\t\t<div class=\"elementor-element elementor-element-34f5d6c elementor-widget elementor-widget-image\" data-id=\"34f5d6c\" data-element_type=\"widget\" data-e-type=\"widget\" data-widget_type=\"image.default\">\n\t\t\t\t<div class=\"elementor-widget-container\">\n\t\t\t\t\t\t\t\t\t\t\t\t\t\t\t\t<a href=\"#topo\">\n\t\t\t\t\t\t\t<img decoding=\"async\" width=\"32\" height=\"32\" src=\"https:\/\/parobetec.faccat.br\/wp-content\/uploads\/2023\/07\/5486276_back_bacward_left_media_icon.png\" class=\"elementor-animation-pulse attachment-large size-large wp-image-357\" alt=\"\" style=\"width:100%;height:100%;max-width:32px\" \/>\t\t\t\t\t\t\t\t<\/a>\n\t\t\t\t\t\t\t\t\t\t\t\t\t\t\t<\/div>\n\t\t\t\t<\/div>\n\t\t\t\t\t<\/div>\n\t\t<\/div>\n\t\t\t\t\t<\/div>\n\t\t<\/section>\n\t\t\t\t<section class=\"elementor-section elementor-top-section elementor-element elementor-element-b4c62bf elementor-section-boxed elementor-section-height-default elementor-section-height-default\" data-id=\"b4c62bf\" data-element_type=\"section\" data-e-type=\"section\" id=\"inscricao\" data-settings=\"{&quot;background_background&quot;:&quot;classic&quot;}\">\n\t\t\t\t\t\t<div class=\"elementor-container elementor-column-gap-default\">\n\t\t\t\t\t<div class=\"elementor-column elementor-col-100 elementor-top-column elementor-element elementor-element-03d07e8\" data-id=\"03d07e8\" data-element_type=\"column\" data-e-type=\"column\">\n\t\t\t<div class=\"elementor-widget-wrap elementor-element-populated\">\n\t\t\t\t\t\t<div class=\"elementor-element elementor-element-e7f8dba elementor-widget elementor-widget-heading\" data-id=\"e7f8dba\" data-element_type=\"widget\" data-e-type=\"widget\" data-widget_type=\"heading.default\">\n\t\t\t\t<div class=\"elementor-widget-container\">\n\t\t\t\t\t<h2 class=\"elementor-heading-title elementor-size-default\">Inscreva seu projeto<\/h2>\t\t\t\t<\/div>\n\t\t\t\t<\/div>\n\t\t\t\t<div class=\"elementor-element elementor-element-22158a5 elementor-widget elementor-widget-text-editor\" data-id=\"22158a5\" data-element_type=\"widget\" data-e-type=\"widget\" data-widget_type=\"text-editor.default\">\n\t\t\t\t<div class=\"elementor-widget-container\">\n\t\t\t\t\t\t\t\t\t<p>A incubadora est\u00e1 apta a receber candidaturas enquanto restarem vagas no espa\u00e7o f\u00edsico da Incubadora Tecnol\u00f3gica Parob\u00e9Tec. O edital de inscri\u00e7\u00f5es est\u00e1 sempre aberto. Quando todas as vagas estiverem preenchidas com empresas, as inscri\u00e7\u00f5es s\u00e3o momentaneamente interrompidas, mas t\u00e3o logo uma nova vaga surja \u2013 seja por amplia\u00e7\u00e3o dos espa\u00e7os dispon\u00edveis, seja por alguma das empresas hospedadas serem graduadas e liberar seu espa\u00e7o \u2013 as inscri\u00e7\u00f5es voltam a ser liberadas, com uma ampla divulga\u00e7\u00e3o dessas vagas em \u00f3rg\u00e3os de imprensa, redes sociais e no portal web da pr\u00f3pria Incubadora Tecnol\u00f3gica Parob\u00e9 Faccat.<\/p><p>Primeira etapa da inscri\u00e7\u00e3o \u2013 o primeiro passo que o candidato deve tomar \u00e9 a leitura cuidadosa do Edital da Incubadora Tecnol\u00f3gica Parob\u00e9Tec, dispon\u00edvel neste <span style=\"text-decoration: underline;\"><a href=\"https:\/\/parobetec.faccat.br\/wp-content\/uploads\/2023\/07\/edital_parobetec.pdf\" target=\"_blank\" rel=\"noopener\">Edital da Incubadora Tecnol\u00f3gica Parob\u00e9Tec, dispon\u00edvel neste link<\/a><\/span>. Depois de lido o edital tire todas as d\u00favidas usando os meios de contato presentes nesta p\u00e1gina (telefone, e-mail e o <span style=\"text-decoration: underline;\"><a href=\"#contato\">formul\u00e1rio de contato do pr\u00f3prio site<\/a><\/span>), o pr\u00f3ximo passo \u00e9 o preenchimento do <span style=\"text-decoration: underline;\"><a href=\"https:\/\/forms.gle\/NBUG8TCGsrVyrGfJ8\" target=\"_blank\" rel=\"noopener\">Formul\u00e1rio de Inscri\u00e7\u00e3o<\/a><\/span>. Este \u00e9 um formul\u00e1rio muito importante, pois \u00e9 necess\u00e1rio ter um plano de neg\u00f3cios resumido neste momento. \u00c9 a partir das informa\u00e7\u00f5es passadas neste formul\u00e1rio que o projeto da sua startup ser\u00e1 avaliado e que permitir\u00e1 voc\u00ea ser aprovado (ou n\u00e3o) para a segunda e \u00faltima etapa da sele\u00e7\u00e3o. Portanto, quanto melhor apresentado, quanto melhor justificada a sua proposta de neg\u00f3cio, maiores as suas chances de aprova\u00e7\u00e3o para a etapa final de sele\u00e7\u00e3o.<\/p><p>Segunda (e \u00faltima) etapa: se o seu projeto, apresentado na primeira etapa, for aprovado, voc\u00ea (e, se for o caso, sua equipe, seus s\u00f3cios), dever\u00e3o apresentar esse plano de neg\u00f3cio para uma comiss\u00e3o avaliadora, conforme descrito no Edital. Agora voc\u00ea dever\u00e1 se preparar para melhorar ainda mais os dados sobre sua \u00e1rea de atua\u00e7\u00e3o, seus custos e seu nicho de mercado, bem como responder poss\u00edveis d\u00favidas por parte dos membros da banca de avalia\u00e7\u00e3o. Voc\u00ea deve preparar alguns slides, imagens, apresentar da melhor forma poss\u00edvel o seu projeto. Isso servir\u00e1 tanto para facilitar sua apresenta\u00e7\u00e3o como tamb\u00e9m o ajudar\u00e1 na organiza\u00e7\u00e3o e defini\u00e7\u00e3o de metas, bem como para apresenta\u00e7\u00e3o futura do seu neg\u00f3cio para clientes, fornecedores e, quem sabe, investidores e parceiros. Apresenta\u00e7\u00f5es s\u00e3o atividades muito comuns ao longo da vida de qualquer empresa. Caso o seu projeto ainda n\u00e3o esteja no est\u00e1gio de maturidade para incuba\u00e7\u00e3o, ele poder\u00e1 ser pr\u00e9 incubado, passando por mentoria da Faccat para que em at\u00e9 seis meses adquira musculatura para participar como incubado.<\/p>\t\t\t\t\t\t\t\t<\/div>\n\t\t\t\t<\/div>\n\t\t\t\t\t<\/div>\n\t\t<\/div>\n\t\t\t\t\t<\/div>\n\t\t<\/section>\n\t\t\t\t<section class=\"elementor-section elementor-top-section elementor-element elementor-element-1e879ed elementor-section-boxed elementor-section-height-default elementor-section-height-default\" data-id=\"1e879ed\" data-element_type=\"section\" data-e-type=\"section\">\n\t\t\t\t\t\t<div class=\"elementor-container elementor-column-gap-default\">\n\t\t\t\t\t<div class=\"elementor-column elementor-col-100 elementor-top-column elementor-element elementor-element-81b64d0\" data-id=\"81b64d0\" data-element_type=\"column\" data-e-type=\"column\">\n\t\t\t<div class=\"elementor-widget-wrap elementor-element-populated\">\n\t\t\t\t\t\t<div class=\"elementor-element elementor-element-f7fa45e elementor-widget elementor-widget-image\" data-id=\"f7fa45e\" data-element_type=\"widget\" data-e-type=\"widget\" data-widget_type=\"image.default\">\n\t\t\t\t<div class=\"elementor-widget-container\">\n\t\t\t\t\t\t\t\t\t\t\t\t\t\t\t\t<a href=\"#topo\">\n\t\t\t\t\t\t\t<img decoding=\"async\" width=\"32\" height=\"32\" src=\"https:\/\/parobetec.faccat.br\/wp-content\/uploads\/2023\/07\/5486276_back_bacward_left_media_icon.png\" class=\"attachment-large size-large wp-image-357\" alt=\"\" style=\"width:100%;height:100%;max-width:32px\" \/>\t\t\t\t\t\t\t\t<\/a>\n\t\t\t\t\t\t\t\t\t\t\t\t\t\t\t<\/div>\n\t\t\t\t<\/div>\n\t\t\t\t\t<\/div>\n\t\t<\/div>\n\t\t\t\t\t<\/div>\n\t\t<\/section>\n\t\t\t\t<section class=\"elementor-section elementor-top-section elementor-element elementor-element-3bbc2fd elementor-section-boxed elementor-section-height-default elementor-section-height-default\" data-id=\"3bbc2fd\" data-element_type=\"section\" data-e-type=\"section\" id=\"contato\" data-settings=\"{&quot;background_background&quot;:&quot;classic&quot;}\">\n\t\t\t\t\t\t\t<div class=\"elementor-background-overlay\"><\/div>\n\t\t\t\t\t\t\t<div class=\"elementor-container elementor-column-gap-default\">\n\t\t\t\t\t<div class=\"elementor-column elementor-col-100 elementor-top-column elementor-element elementor-element-bd9ece6\" data-id=\"bd9ece6\" data-element_type=\"column\" data-e-type=\"column\">\n\t\t\t<div class=\"elementor-widget-wrap elementor-element-populated\">\n\t\t\t\t\t\t<div class=\"elementor-element elementor-element-1e94d27 elementor-widget elementor-widget-heading\" data-id=\"1e94d27\" data-element_type=\"widget\" data-e-type=\"widget\" data-widget_type=\"heading.default\">\n\t\t\t\t<div class=\"elementor-widget-container\">\n\t\t\t\t\t<h2 class=\"elementor-heading-title elementor-size-default\">Contato<\/h2>\t\t\t\t<\/div>\n\t\t\t\t<\/div>\n\t\t\t\t<div class=\"elementor-element elementor-element-c8bac6b ekit_wpForms_container-form-button-custom elementor-widget elementor-widget-elementskit-wp-forms\" data-id=\"c8bac6b\" data-element_type=\"widget\" data-e-type=\"widget\" data-widget_type=\"elementskit-wp-forms.default\">\n\t\t\t\t<div class=\"elementor-widget-container\">\n\t\t\t\t\t<div class=\"ekit-wid-con ekit_wpForms_container\"><style id=\"wpforms-css-vars-223\">\n\t\t\t\t#wpforms-223 {\n\t\t\t\t\n\t\t\t}\n\t\t\t<\/style><div class=\"wpforms-container wpforms-container-full wpforms-render-modern\" id=\"wpforms-223\"><form id=\"wpforms-form-223\" class=\"wpforms-validate wpforms-form wpforms-ajax-form\" data-formid=\"223\" method=\"post\" enctype=\"multipart\/form-data\" action=\"\/\" data-token=\"f58e00cfc44a8150a53173e482c2f435\" data-token-time=\"1777452632\"><noscript class=\"wpforms-error-noscript\">Please enable JavaScript in your browser to complete this form.<\/noscript><div id=\"wpforms-error-noscript\" style=\"display: none;\">Please enable JavaScript in your browser to complete this form.<\/div><div class=\"wpforms-field-container\"><div id=\"wpforms-223-field_0-container\" class=\"wpforms-field wpforms-field-name\" data-field-id=\"0\"><fieldset><legend class=\"wpforms-field-label\">Nome <span class=\"wpforms-required-label\" aria-hidden=\"true\">*<\/span><\/legend><div class=\"wpforms-field-row wpforms-field-medium\"><div class=\"wpforms-field-row-block wpforms-first wpforms-one-half\"><input type=\"text\" id=\"wpforms-223-field_0\" class=\"wpforms-field-name-first wpforms-field-required\" name=\"wpforms[fields][0][first]\" placeholder=\"Nome\" aria-errormessage=\"wpforms-223-field_0-error\" required><label for=\"wpforms-223-field_0\" class=\"wpforms-field-sublabel after wpforms-sublabel-hide\">First<\/label><\/div><div class=\"wpforms-field-row-block wpforms-one-half\"><input type=\"text\" id=\"wpforms-223-field_0-last\" class=\"wpforms-field-name-last wpforms-field-required\" name=\"wpforms[fields][0][last]\" placeholder=\"Sobrenome\" aria-errormessage=\"wpforms-223-field_0-last-error\" required><label for=\"wpforms-223-field_0-last\" class=\"wpforms-field-sublabel after wpforms-sublabel-hide\">Last<\/label><\/div><\/div><\/fieldset><\/div><div id=\"wpforms-223-field_1-container\" class=\"wpforms-field wpforms-field-email\" data-field-id=\"1\"><label class=\"wpforms-field-label\" for=\"wpforms-223-field_1\">E-mail <span class=\"wpforms-required-label\" aria-hidden=\"true\">*<\/span><\/label><input type=\"email\" id=\"wpforms-223-field_1\" class=\"wpforms-field-medium wpforms-field-required\" name=\"wpforms[fields][1]\" spellcheck=\"false\" aria-errormessage=\"wpforms-223-field_1-error\" required><\/div><div id=\"wpforms-223-field_2-container\" class=\"wpforms-field wpforms-field-textarea\" data-field-id=\"2\"><label class=\"wpforms-field-label\" for=\"wpforms-223-field_2\">Sua mensagem <span class=\"wpforms-required-label\" aria-hidden=\"true\">*<\/span><\/label><textarea id=\"wpforms-223-field_2\" class=\"wpforms-field-medium wpforms-field-required\" name=\"wpforms[fields][2]\" aria-errormessage=\"wpforms-223-field_2-error\" required><\/textarea><\/div><\/div><!-- .wpforms-field-container --><div class=\"wpforms-submit-container\" ><input type=\"hidden\" name=\"wpforms[id]\" value=\"223\"><input type=\"hidden\" name=\"page_title\" value=\"Elementor #148\"><input type=\"hidden\" name=\"page_url\" value=\"https:\/\/parobetec.faccat.br\/\"><input type=\"hidden\" name=\"url_referer\" value=\"\"><input type=\"hidden\" name=\"page_id\" value=\"148\"><input type=\"hidden\" name=\"wpforms[post_id]\" value=\"148\"><button type=\"submit\" name=\"wpforms[submit]\" id=\"wpforms-submit-223\" class=\"wpforms-submit\" data-alt-text=\"Enviando...\" data-submit-text=\"Enviar\" aria-live=\"assertive\" value=\"wpforms-submit\">Enviar<\/button><img decoding=\"async\" src=\"https:\/\/parobetec.faccat.br\/wp-content\/plugins\/wpforms-lite\/assets\/images\/submit-spin.svg\" class=\"wpforms-submit-spinner\" style=\"display: none;\" width=\"26\" height=\"26\" alt=\"Loading\"><\/div><\/form><\/div>  <!-- .wpforms-container --><\/div>\t\t\t\t<\/div>\n\t\t\t\t<\/div>\n\t\t\t\t<section class=\"elementor-section elementor-inner-section elementor-element elementor-element-d60eee9 elementor-section-boxed elementor-section-height-default elementor-section-height-default\" data-id=\"d60eee9\" data-element_type=\"section\" data-e-type=\"section\">\n\t\t\t\t\t\t<div class=\"elementor-container elementor-column-gap-default\">\n\t\t\t\t\t<div class=\"elementor-column elementor-col-50 elementor-inner-column elementor-element elementor-element-fae256f\" data-id=\"fae256f\" data-element_type=\"column\" data-e-type=\"column\">\n\t\t\t<div class=\"elementor-widget-wrap elementor-element-populated\">\n\t\t\t\t\t\t<div class=\"elementor-element elementor-element-a204d10 elementor-widget elementor-widget-heading\" data-id=\"a204d10\" data-element_type=\"widget\" data-e-type=\"widget\" data-widget_type=\"heading.default\">\n\t\t\t\t<div class=\"elementor-widget-container\">\n\t\t\t\t\t<h3 class=\"elementor-heading-title elementor-size-default\">Endere\u00e7o<\/h3>\t\t\t\t<\/div>\n\t\t\t\t<\/div>\n\t\t\t\t<div class=\"elementor-element elementor-element-a46cb1b elementor-widget elementor-widget-text-editor\" data-id=\"a46cb1b\" data-element_type=\"widget\" data-e-type=\"widget\" data-widget_type=\"text-editor.default\">\n\t\t\t\t<div class=\"elementor-widget-container\">\n\t\t\t\t\t\t\t\t\t<p>Rua M\u00e1rio Mosmann, n\u00b0100,<\/p><p>Bairro: Centro<\/p><p>Cep: 95630-000<\/p><p>Parob\u00e9, RS<\/p>\t\t\t\t\t\t\t\t<\/div>\n\t\t\t\t<\/div>\n\t\t\t\t\t<\/div>\n\t\t<\/div>\n\t\t\t\t<div class=\"elementor-column elementor-col-50 elementor-inner-column elementor-element elementor-element-0e00ff6\" data-id=\"0e00ff6\" data-element_type=\"column\" data-e-type=\"column\">\n\t\t\t<div class=\"elementor-widget-wrap elementor-element-populated\">\n\t\t\t\t\t\t<div class=\"elementor-element elementor-element-d01a7af elementor-widget elementor-widget-heading\" data-id=\"d01a7af\" data-element_type=\"widget\" data-e-type=\"widget\" data-widget_type=\"heading.default\">\n\t\t\t\t<div class=\"elementor-widget-container\">\n\t\t\t\t\t<h3 class=\"elementor-heading-title elementor-size-default\">Contatos<\/h3>\t\t\t\t<\/div>\n\t\t\t\t<\/div>\n\t\t\t\t<div class=\"elementor-element elementor-element-de8abb5 elementor-widget elementor-widget-text-editor\" data-id=\"de8abb5\" data-element_type=\"widget\" data-e-type=\"widget\" data-widget_type=\"text-editor.default\">\n\t\t\t\t<div class=\"elementor-widget-container\">\n\t\t\t\t\t\t\t\t\t<p><img loading=\"lazy\" decoding=\"async\" class=\"alignnone size-full wp-image-335\" src=\"https:\/\/parobetec.faccat.br\/wp-content\/uploads\/2023\/07\/4975304_contact_email_gmail_inbox_mail_icon-1.png\" alt=\"\" width=\"32\" height=\"32\" \/> parobetec@faccat.br<\/p><p><img loading=\"lazy\" decoding=\"async\" class=\"alignnone size-full wp-image-333\" src=\"https:\/\/parobetec.faccat.br\/wp-content\/uploads\/2023\/07\/353432_phone_telephone_communication_icon-1.png\" alt=\"\" width=\"32\" height=\"32\" \/> (51) 3543-8655<\/p><p><img loading=\"lazy\" decoding=\"async\" class=\"alignnone size-full wp-image-334\" src=\"https:\/\/parobetec.faccat.br\/wp-content\/uploads\/2023\/07\/3225179_app_logo_media_popular_social_icon-1.png\" alt=\"\" width=\"32\" height=\"32\" \/> (51) 3543-8656<\/p><p>\u00a0<\/p>\t\t\t\t\t\t\t\t<\/div>\n\t\t\t\t<\/div>\n\t\t\t\t\t<\/div>\n\t\t<\/div>\n\t\t\t\t\t<\/div>\n\t\t<\/section>\n\t\t\t\t\t<\/div>\n\t\t<\/div>\n\t\t\t\t\t<\/div>\n\t\t<\/section>\n\t\t\t\t<section class=\"elementor-section elementor-top-section elementor-element elementor-element-a81c47d elementor-section-boxed elementor-section-height-default elementor-section-height-default\" data-id=\"a81c47d\" data-element_type=\"section\" data-e-type=\"section\" data-settings=\"{&quot;background_background&quot;:&quot;classic&quot;}\">\n\t\t\t\t\t\t\t<div class=\"elementor-background-overlay\"><\/div>\n\t\t\t\t\t\t\t<div class=\"elementor-container elementor-column-gap-default\">\n\t\t\t\t\t<div class=\"elementor-column elementor-col-100 elementor-top-column elementor-element elementor-element-53763fc\" data-id=\"53763fc\" data-element_type=\"column\" data-e-type=\"column\">\n\t\t\t<div class=\"elementor-widget-wrap elementor-element-populated\">\n\t\t\t\t\t\t<div class=\"elementor-element elementor-element-6fd9dc3 elementor-widget elementor-widget-image\" data-id=\"6fd9dc3\" data-element_type=\"widget\" data-e-type=\"widget\" data-widget_type=\"image.default\">\n\t\t\t\t<div class=\"elementor-widget-container\">\n\t\t\t\t\t\t\t\t\t\t\t\t\t\t\t\t<a href=\"#topo\" rel=\"nofollow\">\n\t\t\t\t\t\t\t<img loading=\"lazy\" decoding=\"async\" width=\"32\" height=\"32\" src=\"https:\/\/parobetec.faccat.br\/wp-content\/uploads\/2023\/07\/5486276_back_bacward_left_media_icon.png\" class=\"attachment-full size-full wp-image-357\" alt=\"\" style=\"width:100%;height:100%;max-width:32px\" \/>\t\t\t\t\t\t\t\t<\/a>\n\t\t\t\t\t\t\t\t\t\t\t\t\t\t\t<\/div>\n\t\t\t\t<\/div>\n\t\t\t\t\t<\/div>\n\t\t<\/div>\n\t\t\t\t\t<\/div>\n\t\t<\/section>\n\t\t\t\t<\/div>\n\t\t","protected":false},"excerpt":{"rendered":"<p>Sobre A Incubadora Tecnol\u00f3gica Parob\u00e9 Faccat \u00e9 uma parceria entre a Prefeitura Municipal de Parob\u00e9\/RS e a FACCAT \u2013 Faculdades Integradas de Taquara. O local serve para incentivar\u00a0 empreendedores a desenvolver ideias inovadoras. A Faccat \u00e9 a respons\u00e1vel pela sele\u00e7\u00e3o dos projetos, mentoria e assessoria t\u00e9cnica, com objetivo de orientar e aconselhar os empres\u00e1rios e&hellip; <a class=\"more-link\" href=\"https:\/\/parobetec.faccat.br\/\">Continuar lendo <span class=\"screen-reader-text\">Elementor #148<\/span><\/a><\/p>\n","protected":false},"author":2,"featured_media":0,"parent":0,"menu_order":0,"comment_status":"closed","ping_status":"closed","template":"","meta":{"footnotes":""},"class_list":["post-148","page","type-page","status-publish","hentry","entry"],"_links":{"self":[{"href":"https:\/\/parobetec.faccat.br\/index.php\/wp-json\/wp\/v2\/pages\/148","targetHints":{"allow":["GET"]}}],"collection":[{"href":"https:\/\/parobetec.faccat.br\/index.php\/wp-json\/wp\/v2\/pages"}],"about":[{"href":"https:\/\/parobetec.faccat.br\/index.php\/wp-json\/wp\/v2\/types\/page"}],"author":[{"embeddable":true,"href":"https:\/\/parobetec.faccat.br\/index.php\/wp-json\/wp\/v2\/users\/2"}],"replies":[{"embeddable":true,"href":"https:\/\/parobetec.faccat.br\/index.php\/wp-json\/wp\/v2\/comments?post=148"}],"version-history":[{"count":148,"href":"https:\/\/parobetec.faccat.br\/index.php\/wp-json\/wp\/v2\/pages\/148\/revisions"}],"predecessor-version":[{"id":384,"href":"https:\/\/parobetec.faccat.br\/index.php\/wp-json\/wp\/v2\/pages\/148\/revisions\/384"}],"wp:attachment":[{"href":"https:\/\/parobetec.faccat.br\/index.php\/wp-json\/wp\/v2\/media?parent=148"}],"curies":[{"name":"wp","href":"https:\/\/api.w.org\/{rel}","templated":true}]}}